{"id":953,"date":"2025-02-20T01:11:48","date_gmt":"2025-02-20T01:11:48","guid":{"rendered":"https:\/\/mester.com\/product\/preparacion-para-el-dele\/"},"modified":"2025-05-31T21:50:39","modified_gmt":"2025-05-31T21:50:39","slug":"preparacion-para-el-dele","status":"publish","type":"product","link":"https:\/\/mester.com\/fr\/produit\/preparacion-para-el-dele\/","title":{"rendered":"Preparaci\u00f3n para el DELE"},"content":{"rendered":"<p data-start=\"137\" data-end=\"285\">Es el \u00fanico examen reconocido oficialmente por el Ministerio de Educaci\u00f3n y Ciencia espa\u00f1ol. Tambi\u00e9n goza de gran prestigio en el mundo empresarial.<\/p>\n<p data-start=\"287\" data-end=\"572\">Se trata de un programa de 20 clases semanales con un m\u00e1ximo de 12 alumnos (10 de media) por clase. La primera y la segunda clase de cada d\u00eda se centran en la gram\u00e1tica. Las dos clases siguientes se basan en la conversaci\u00f3n y la \u00faltima clase explora ex\u00e1menes anteriores para practicar.<\/p>\n<p data-start=\"574\" data-end=\"832\">Dado que el examen tiene una parte oral y otra parte escrita, el curso incluye ejercicios de comprensi\u00f3n audiovisual, textos especializados y composiciones que aumentan gradualmente de dificultad en funci\u00f3n del nivel del examen que el alumno est\u00e9 preparando.<\/p>\n<p data-start=\"834\" data-end=\"1183\"><strong>En Mester solo preparamos a los alumnos para los ex\u00e1menes de nivel intermedio y superior.<\/strong> Si el estudiante tiene un nivel intermedio, deber\u00eda prepararse para el examen de nivel intermedio en un periodo de entre 2 y 3 meses. En el caso de los estudiantes de nivel avanzado que se presenten al examen superior, necesitar\u00e1n unos 4 meses de preparaci\u00f3n.<\/p>\n<p data-start=\"1185\" data-end=\"1300\">Puedes consultar los contenidos espec\u00edficos del curso DELE en los siguientes enlaces:<br data-start=\"1270\" data-end=\"1273\" \/><a href=\"https:\/\/mester.com\/wp-content\/uploads\/2025\/05\/PROGRAMA-DELE-B24.pdf\" target=\"_blank\" rel=\"noopener\"><strong data-start=\"1273\" data-end=\"1285\">Nivel B2<\/strong><\/a><br data-start=\"1285\" data-end=\"1288\" \/><a href=\"https:\/\/mester.com\/wp-content\/uploads\/2025\/05\/PROGRAMA-DELE-C16.pdf\" target=\"_blank\" rel=\"noopener\"><strong data-start=\"1288\" data-end=\"1300\">Nivel C1<\/strong><\/a><\/p>\n<p data-start=\"1302\" data-end=\"1437\">Las fechas de los ex\u00e1menes las fija el Gobierno espa\u00f1ol y suelen coincidir con la segunda o tercera semana de mayo, agosto y noviembre.<\/p>\n<p data-start=\"1439\" data-end=\"1509\"><em data-start=\"1439\" data-end=\"1509\">*Las tasas oficiales de los ex\u00e1menes no est\u00e1n incluidas en el precio.<\/em><\/p>\n","protected":false},"excerpt":{"rendered":"<p>Es el \u00fanico examen reconocido oficialmente por el Ministerio de Educaci\u00f3n y Ciencia espa\u00f1ol. Tambi\u00e9n goza de gran prestigio en el mundo empresarial. Se trata de un programa de 20 clases semanales con un m\u00e1ximo de 12 alumnos (10 de media) por clase. La primera y la segunda clase de cada d\u00eda se centran en [&hellip;]<\/p>\n","protected":false},"featured_media":895,"template":"","meta":{"_acf_changed":false},"product_brand":[],"product_cat":[41,42],"product_tag":[],"class_list":{"0":"post-953","1":"product","2":"type-product","3":"status-publish","4":"has-post-thumbnail","6":"product_cat-cursos","7":"product_cat-particulares","9":"first","10":"instock","11":"sold-individually","12":"shipping-taxable","13":"purchasable","14":"product-type-simple"},"acf":[],"_links":{"self":[{"href":"https:\/\/mester.com\/fr\/wp-json\/wp\/v2\/product\/953","targetHints":{"allow":["GET"]}}],"collection":[{"href":"https:\/\/mester.com\/fr\/wp-json\/wp\/v2\/product"}],"about":[{"href":"https:\/\/mester.com\/fr\/wp-json\/wp\/v2\/types\/product"}],"wp:featuredmedia":[{"embeddable":true,"href":"https:\/\/mester.com\/fr\/wp-json\/wp\/v2\/media\/895"}],"wp:attachment":[{"href":"https:\/\/mester.com\/fr\/wp-json\/wp\/v2\/media?parent=953"}],"wp:term":[{"taxonomy":"product_brand","embeddable":true,"href":"https:\/\/mester.com\/fr\/wp-json\/wp\/v2\/product_brand?post=953"},{"taxonomy":"product_cat","embeddable":true,"href":"https:\/\/mester.com\/fr\/wp-json\/wp\/v2\/product_cat?post=953"},{"taxonomy":"product_tag","embeddable":true,"href":"https:\/\/mester.com\/fr\/wp-json\/wp\/v2\/product_tag?post=953"}],"curies":[{"name":"wp","href":"https:\/\/api.w.org\/{rel}","templated":true}]}}