{"id":951,"date":"2025-02-20T01:06:45","date_gmt":"2025-02-20T01:06:45","guid":{"rendered":"https:\/\/mester.com\/product\/individual-una-asignatura-optativa-int2\/"},"modified":"2025-05-31T21:47:42","modified_gmt":"2025-05-31T21:47:42","slug":"individual-una-asignatura-optativa-int2","status":"publish","type":"product","link":"https:\/\/mester.com\/fr\/produit\/individual-una-asignatura-optativa-int2\/","title":{"rendered":"Individual Una asignatura optativa (INT2)"},"content":{"rendered":"<p style=\"font-weight: 400;\">Un programa de 25 lecciones semanales con un m\u00e1ximo de 12 estudiantes (10 de media) por clase en 6 niveles de idioma diferentes. Los estudiantes pueden elegir estudiar entre 1 y 24 semanas. Este programa contiene dos clases de gram\u00e1tica, dos clases de conversaci\u00f3n y una lecci\u00f3n de asignaturas optativas:<\/p>\n<p style=\"font-weight: 400;\">Este programa contiene dos clases de <em>Gram\u00e1tica<\/em>, dos clases de <em>Conversaci\u00f3n<\/em> y una lecci\u00f3n de <b><strong>asignaturas optativas<\/strong><\/b>:<\/p>\n<ul style=\"font-weight: 400;\">\n<li><em>Actividades de Comunicaci\u00f3n (COMA)<\/em><br \/>\nEl objetivo principal de este curso es ayudar a los estudiantes a desarrollar <em>la fluidez en espa\u00f1ol<\/em>, que es un problema importante en todos los niveles cuando se estudia una lengua extranjera. Est\u00e1 estructurado especialmente para animar a los estudiantes a hablar.<\/li>\n<li><em>Literatura Espa\u00f1ola (LITE)<\/em><br \/>\nSe requiere un nivel intermedio de espa\u00f1ol, o superior. Consultar disponibilidad<\/li>\n<li><em>Historia del Arte Espa\u00f1ol (ARTE)<\/em><br \/>\nSe requiere un nivel intermedio de espa\u00f1ol, o superior. Consultar disponibilidad.<\/li>\n<li><em>Historia Contempor\u00e1nea de Espa\u00f1a (HIST)<\/em><br \/>\nSe requiere un nivel intermedio de espa\u00f1ol, o superior. Consultar disponibilidad.<\/li>\n<li><em>Espa\u00f1ol de los Negocios (NEGO)<\/em><br \/>\nSe requiere un nivel intermedio de espa\u00f1ol, o superior. Consultar disponibilidad.<\/li>\n<li><em>Revisi\u00f3n del nivel A (LEVE)<\/em><\/li>\n<\/ul>\n<p style=\"font-weight: 400;\">Este curso se adapta espec\u00edficamente a las necesidades de los estudiantes de espa\u00f1ol de A-Level de cualquier organismo examinador del Reino Unido.<\/p>\n<p style=\"font-weight: 400;\">Los estudiantes pueden elegir uno de los muchos cursos que se ofrecen, pero no m\u00e1s. Tienen la posibilidad de cambiar de curso en cualquier momento, si as\u00ed lo desean.<\/p>\n<p style=\"font-weight: 400;\">Tambi\u00e9n ofrecemos <a href=\"https:\/\/www2.mester.com\/mester\/actividades\">conferencias sobre Historia, Arte y Literatura<\/a> por las tardes para complementar este programa.<\/p>\n","protected":false},"excerpt":{"rendered":"<p>Un programa de 25 lecciones semanales con un m\u00e1ximo de 12 estudiantes (10 de media) por clase en 6 niveles de idioma diferentes. Los estudiantes pueden elegir estudiar entre 1 y 24 semanas. Este programa contiene dos clases de gram\u00e1tica, dos clases de conversaci\u00f3n y una lecci\u00f3n de asignaturas optativas: Este programa contiene dos clases [&hellip;]<\/p>\n","protected":false},"featured_media":898,"template":"","meta":{"_acf_changed":false},"product_brand":[],"product_cat":[41,42],"product_tag":[],"class_list":{"0":"post-951","1":"product","2":"type-product","3":"status-publish","4":"has-post-thumbnail","6":"product_cat-cursos","7":"product_cat-particulares","9":"first","10":"instock","11":"sold-individually","12":"shipping-taxable","13":"purchasable","14":"product-type-simple"},"acf":[],"_links":{"self":[{"href":"https:\/\/mester.com\/fr\/wp-json\/wp\/v2\/product\/951","targetHints":{"allow":["GET"]}}],"collection":[{"href":"https:\/\/mester.com\/fr\/wp-json\/wp\/v2\/product"}],"about":[{"href":"https:\/\/mester.com\/fr\/wp-json\/wp\/v2\/types\/product"}],"wp:featuredmedia":[{"embeddable":true,"href":"https:\/\/mester.com\/fr\/wp-json\/wp\/v2\/media\/898"}],"wp:attachment":[{"href":"https:\/\/mester.com\/fr\/wp-json\/wp\/v2\/media?parent=951"}],"wp:term":[{"taxonomy":"product_brand","embeddable":true,"href":"https:\/\/mester.com\/fr\/wp-json\/wp\/v2\/product_brand?post=951"},{"taxonomy":"product_cat","embeddable":true,"href":"https:\/\/mester.com\/fr\/wp-json\/wp\/v2\/product_cat?post=951"},{"taxonomy":"product_tag","embeddable":true,"href":"https:\/\/mester.com\/fr\/wp-json\/wp\/v2\/product_tag?post=951"}],"curies":[{"name":"wp","href":"https:\/\/api.w.org\/{rel}","templated":true}]}}