{"id":950,"date":"2025-02-20T01:06:40","date_gmt":"2025-02-20T01:06:40","guid":{"rendered":"https:\/\/mester.com\/product\/intensivo-de-lengua-y-cultura-espanolas-int1\/"},"modified":"2025-05-31T21:47:17","modified_gmt":"2025-05-31T21:47:17","slug":"intensivo-de-lengua-y-cultura-espanolas-int1","status":"publish","type":"product","link":"https:\/\/mester.com\/fr\/produit\/intensivo-de-lengua-y-cultura-espanolas-int1\/","title":{"rendered":"Intensivo de Lengua y Cultura Espa\u00f1olas (INT1)"},"content":{"rendered":"<p style=\"font-weight: 400;\">Un programa de 20 lecciones semanales con un m\u00e1ximo de 12 estudiantes (10 de media) por clase en 6 niveles ling\u00fc\u00edsticos diferentes. Los estudiantes pueden elegir estudiar entre 1 y 50 semanas. Este programa contiene dos clases de gram\u00e1tica y dos clases de conversaci\u00f3n.<\/p>\n<p style=\"font-weight: 400;\">Estamos convencidos de que una base gramatical s\u00f3lida es imprescindible para hablar bien un idioma. Cada d\u00eda las clases comienzan con una presentaci\u00f3n sobre un elemento estructural de la <b><strong>gram\u00e1tica espa\u00f1ola<\/strong><\/b> acompa\u00f1ado de ejemplos de situaciones cotidianas para ilustrar sus usos.<\/p>\n<p style=\"font-weight: 400;\">Despu\u00e9s, la clase se centra en las destrezas orales de los alumnos. Las sesiones giran en torno a temas de actualidad, incorporando material de lecciones anteriores. Esto permite a los alumnos ampliar continuamente sus conocimientos previos, <b><strong>mejorando su vocabulario <\/strong><\/b>y la fluidez. Utilizamos situaciones cotidianas para facilitar el aprendizaje.<\/p>\n","protected":false},"excerpt":{"rendered":"<p>Un programa de 20 lecciones semanales con un m\u00e1ximo de 12 estudiantes (10 de media) por clase en 6 niveles ling\u00fc\u00edsticos diferentes. Los estudiantes pueden elegir estudiar entre 1 y 50 semanas. Este programa contiene dos clases de gram\u00e1tica y dos clases de conversaci\u00f3n. Estamos convencidos de que una base gramatical s\u00f3lida es imprescindible para [&hellip;]<\/p>\n","protected":false},"featured_media":897,"template":"","meta":{"_acf_changed":false},"product_brand":[],"product_cat":[41,42],"product_tag":[],"class_list":{"0":"post-950","1":"product","2":"type-product","3":"status-publish","4":"has-post-thumbnail","6":"product_cat-cursos","7":"product_cat-particulares","9":"first","10":"instock","11":"shipping-taxable","12":"purchasable","13":"product-type-simple"},"acf":[],"_links":{"self":[{"href":"https:\/\/mester.com\/fr\/wp-json\/wp\/v2\/product\/950","targetHints":{"allow":["GET"]}}],"collection":[{"href":"https:\/\/mester.com\/fr\/wp-json\/wp\/v2\/product"}],"about":[{"href":"https:\/\/mester.com\/fr\/wp-json\/wp\/v2\/types\/product"}],"wp:featuredmedia":[{"embeddable":true,"href":"https:\/\/mester.com\/fr\/wp-json\/wp\/v2\/media\/897"}],"wp:attachment":[{"href":"https:\/\/mester.com\/fr\/wp-json\/wp\/v2\/media?parent=950"}],"wp:term":[{"taxonomy":"product_brand","embeddable":true,"href":"https:\/\/mester.com\/fr\/wp-json\/wp\/v2\/product_brand?post=950"},{"taxonomy":"product_cat","embeddable":true,"href":"https:\/\/mester.com\/fr\/wp-json\/wp\/v2\/product_cat?post=950"},{"taxonomy":"product_tag","embeddable":true,"href":"https:\/\/mester.com\/fr\/wp-json\/wp\/v2\/product_tag?post=950"}],"curies":[{"name":"wp","href":"https:\/\/api.w.org\/{rel}","templated":true}]}}