{"id":949,"date":"2025-02-20T01:10:43","date_gmt":"2025-02-20T01:10:43","guid":{"rendered":"https:\/\/mester.com\/product\/lengua-y-cultura-espanolas-individuales-int4\/"},"modified":"2025-05-21T03:10:47","modified_gmt":"2025-05-21T03:10:47","slug":"lengua-y-cultura-espanolas-individuales-int4","status":"publish","type":"product","link":"https:\/\/mester.com\/fr\/produit\/lengua-y-cultura-espanolas-individuales-int4\/","title":{"rendered":"Lengua y Cultura Espa\u00f1olas Individuales (INT4)"},"content":{"rendered":"<p style=\"font-weight: 400;\">La flexibilidad es la caracter\u00edstica principal de este programa. Como \u00fanico estudiante de la clase, t\u00fa tomas todas las decisiones: la cantidad de horas que quieres estudiar a la semana, el horario que quieres seguir y el contenido del curso tambi\u00e9n dependen de ti. El contenido que elijas puede incluir gram\u00e1tica, conversaci\u00f3n, traducci\u00f3n, econom\u00eda, literatura o cualquier otro tema que desee&#8230; \u00a1T\u00fa decides!<\/p>\n<p style=\"font-weight: 400;\">Este programa suele recomendarse a estudiantes que solo est\u00e1n disponibles para estudiar durante un breve periodo de tiempo. Este curso tambi\u00e9n es \u00fatil para aquellos estudiantes que requieren conocimientos espec\u00edficos de la lengua extranjera. Traducci\u00f3n, econom\u00eda, literatura y conversaci\u00f3n son algunos ejemplos.<\/p>\n","protected":false},"excerpt":{"rendered":"<p>La flexibilidad es la caracter\u00edstica principal de este programa. Como \u00fanico estudiante de la clase, t\u00fa tomas todas las decisiones: la cantidad de horas que quieres estudiar a la semana, el horario que quieres seguir y el contenido del curso tambi\u00e9n dependen de ti. El contenido que elijas puede incluir gram\u00e1tica, conversaci\u00f3n, traducci\u00f3n, econom\u00eda, literatura [&hellip;]<\/p>\n","protected":false},"featured_media":894,"template":"","meta":{"_acf_changed":false},"product_brand":[],"product_cat":[41,42],"product_tag":[],"class_list":{"0":"post-949","1":"product","2":"type-product","3":"status-publish","4":"has-post-thumbnail","6":"product_cat-cursos","7":"product_cat-particulares","9":"first","10":"instock","11":"sold-individually","12":"shipping-taxable","13":"purchasable","14":"product-type-simple"},"acf":[],"_links":{"self":[{"href":"https:\/\/mester.com\/fr\/wp-json\/wp\/v2\/product\/949","targetHints":{"allow":["GET"]}}],"collection":[{"href":"https:\/\/mester.com\/fr\/wp-json\/wp\/v2\/product"}],"about":[{"href":"https:\/\/mester.com\/fr\/wp-json\/wp\/v2\/types\/product"}],"wp:featuredmedia":[{"embeddable":true,"href":"https:\/\/mester.com\/fr\/wp-json\/wp\/v2\/media\/894"}],"wp:attachment":[{"href":"https:\/\/mester.com\/fr\/wp-json\/wp\/v2\/media?parent=949"}],"wp:term":[{"taxonomy":"product_brand","embeddable":true,"href":"https:\/\/mester.com\/fr\/wp-json\/wp\/v2\/product_brand?post=949"},{"taxonomy":"product_cat","embeddable":true,"href":"https:\/\/mester.com\/fr\/wp-json\/wp\/v2\/product_cat?post=949"},{"taxonomy":"product_tag","embeddable":true,"href":"https:\/\/mester.com\/fr\/wp-json\/wp\/v2\/product_tag?post=949"}],"curies":[{"name":"wp","href":"https:\/\/api.w.org\/{rel}","templated":true}]}}