{"id":948,"date":"2025-02-20T01:09:34","date_gmt":"2025-02-20T01:09:34","guid":{"rendered":"https:\/\/mester.com\/product\/intensivo-de-lengua-y-cultura-espanolas-en-grupo-reducido-int3\/"},"modified":"2025-05-31T21:48:46","modified_gmt":"2025-05-31T21:48:46","slug":"intensivo-de-lengua-y-cultura-espanolas-en-grupo-reducido-int3","status":"publish","type":"product","link":"https:\/\/mester.com\/fr\/produit\/intensivo-de-lengua-y-cultura-espanolas-en-grupo-reducido-int3\/","title":{"rendered":"Intensivo de Lengua y Cultura Espa\u00f1olas en Grupo Reducido (INT3)"},"content":{"rendered":"<p style=\"font-weight: 400;\">Un programa de 20 lecciones semanales con un m\u00e1ximo de 6 alumnos (cuatro de media) por clase en 6 niveles ling\u00fc\u00edsticos diferentes. Los estudiantes pueden elegir estudiar entre 1 y 8 semanas.<\/p>\n<p style=\"font-weight: 400;\">Este programa contiene dos clases <em>de gram\u00e1tica<\/em> y dos clases de <em>conversaci\u00f3n<\/em>.<\/p>\n<p style=\"font-weight: 400;\">Este programa est\u00e1 dise\u00f1ado para ayudar a los estudiantes a realizar progresos notables en un per\u00edodo de tiempo m\u00e1s corto o para lograr un <em>dominio muy bueno del idioma<\/em> en estancias m\u00e1s largas. Formar parte de una clase m\u00e1s peque\u00f1a permite al profesor seguir de cerca el progreso de los alumnos, lo que puede ser muy beneficioso.<\/p>\n<p style=\"font-weight: 400;\">Tambi\u00e9n ofrecemos <strong>conferencias sobre historia, arte y literatura<\/strong> por las tardes para complementar este programa.<\/p>\n","protected":false},"excerpt":{"rendered":"<p>Un programa de 20 lecciones semanales con un m\u00e1ximo de 6 alumnos (cuatro de media) por clase en 6 niveles ling\u00fc\u00edsticos diferentes. Los estudiantes pueden elegir estudiar entre 1 y 8 semanas. Este programa contiene dos clases de gram\u00e1tica y dos clases de conversaci\u00f3n. Este programa est\u00e1 dise\u00f1ado para ayudar a los estudiantes a realizar [&hellip;]<\/p>\n","protected":false},"featured_media":893,"template":"","meta":{"_acf_changed":false},"product_brand":[],"product_cat":[41,42],"product_tag":[],"class_list":{"0":"post-948","1":"product","2":"type-product","3":"status-publish","4":"has-post-thumbnail","6":"product_cat-cursos","7":"product_cat-particulares","9":"first","10":"instock","11":"virtual","12":"sold-individually","13":"purchasable","14":"product-type-simple"},"acf":[],"_links":{"self":[{"href":"https:\/\/mester.com\/fr\/wp-json\/wp\/v2\/product\/948","targetHints":{"allow":["GET"]}}],"collection":[{"href":"https:\/\/mester.com\/fr\/wp-json\/wp\/v2\/product"}],"about":[{"href":"https:\/\/mester.com\/fr\/wp-json\/wp\/v2\/types\/product"}],"wp:featuredmedia":[{"embeddable":true,"href":"https:\/\/mester.com\/fr\/wp-json\/wp\/v2\/media\/893"}],"wp:attachment":[{"href":"https:\/\/mester.com\/fr\/wp-json\/wp\/v2\/media?parent=948"}],"wp:term":[{"taxonomy":"product_brand","embeddable":true,"href":"https:\/\/mester.com\/fr\/wp-json\/wp\/v2\/product_brand?post=948"},{"taxonomy":"product_cat","embeddable":true,"href":"https:\/\/mester.com\/fr\/wp-json\/wp\/v2\/product_cat?post=948"},{"taxonomy":"product_tag","embeddable":true,"href":"https:\/\/mester.com\/fr\/wp-json\/wp\/v2\/product_tag?post=948"}],"curies":[{"name":"wp","href":"https:\/\/api.w.org\/{rel}","templated":true}]}}