{"id":1639,"date":"2025-05-21T03:31:24","date_gmt":"2025-05-21T03:31:24","guid":{"rendered":"https:\/\/mester.com\/activites-socioculturelles\/"},"modified":"2025-08-30T02:35:28","modified_gmt":"2025-08-30T02:35:28","slug":"activites-socioculturelles","status":"publish","type":"page","link":"https:\/\/mester.com\/fr\/activites-socioculturelles\/","title":{"rendered":"Activit\u00e9s socioculturelles"},"content":{"rendered":"\t\t<div data-elementor-type=\"wp-page\" data-elementor-id=\"1639\" class=\"elementor elementor-1639 elementor-1477\" data-elementor-post-type=\"page\">\n\t\t\t\t\t\t<section data-particle_enable=\"false\" data-particle-mobile-disabled=\"false\" class=\"elementor-section elementor-top-section elementor-element elementor-element-e5f7062 elementor-section-boxed elementor-section-height-default elementor-section-height-default\" data-id=\"e5f7062\" data-element_type=\"section\" data-e-type=\"section\">\n\t\t\t\t\t\t\t<div class=\"elementor-background-overlay\"><\/div>\n\t\t\t\t\t\t\t<div class=\"elementor-container elementor-column-gap-no\">\n\t\t\t\t\t<div class=\"elementor-column elementor-col-100 elementor-top-column elementor-element elementor-element-82f936e\" data-id=\"82f936e\" data-element_type=\"column\" data-e-type=\"column\" data-settings=\"{&quot;background_background&quot;:&quot;classic&quot;}\">\n\t\t\t<div class=\"elementor-widget-wrap elementor-element-populated\">\n\t\t\t\t\t<div class=\"elementor-background-overlay\"><\/div>\n\t\t\t\t\t\t<div class=\"elementor-element elementor-element-8f75d9d elementor-widget-divider--separator-type-pattern elementor-widget-divider--view-line elementor-widget elementor-widget-divider\" data-id=\"8f75d9d\" data-element_type=\"widget\" data-e-type=\"widget\" data-widget_type=\"divider.default\">\n\t\t\t\t<div class=\"elementor-widget-container\">\n\t\t\t\t\t\t\t<div class=\"elementor-divider\" style=\"--divider-pattern-url: url(&quot;data:image\/svg+xml,%3Csvg xmlns=&#039;http:\/\/www.w3.org\/2000\/svg&#039; preserveAspectRatio=&#039;none&#039; overflow=&#039;visible&#039; height=&#039;100%&#039; viewBox=&#039;0 0 24 24&#039; fill=&#039;none&#039; stroke=&#039;black&#039; stroke-width=&#039;4&#039; stroke-linecap=&#039;square&#039; stroke-miterlimit=&#039;10&#039;%3E%3Cpolyline points=&#039;0,18 12,6 24,18 &#039;\/%3E%3C\/svg%3E&quot;);\">\n\t\t\t<span class=\"elementor-divider-separator\">\n\t\t\t\t\t\t<\/span>\n\t\t<\/div>\n\t\t\t\t\t\t<\/div>\n\t\t\t\t<\/div>\n\t\t\t\t<div class=\"elementor-element elementor-element-c482699 elementor-widget elementor-widget-heading\" data-id=\"c482699\" data-element_type=\"widget\" data-e-type=\"widget\" data-widget_type=\"heading.default\">\n\t\t\t\t<div class=\"elementor-widget-container\">\n\t\t\t\t\t<h3 class=\"elementor-heading-title elementor-size-default\">Activit\u00e9s<\/h3>\t\t\t\t<\/div>\n\t\t\t\t<\/div>\n\t\t\t\t<div class=\"elementor-element elementor-element-694fa04 elementor-widget elementor-widget-heading\" data-id=\"694fa04\" data-element_type=\"widget\" data-e-type=\"widget\" data-widget_type=\"heading.default\">\n\t\t\t\t<div class=\"elementor-widget-container\">\n\t\t\t\t\t<h3 class=\"elementor-heading-title elementor-size-default\">Le compl\u00e9ment id\u00e9al pour votre apprentissage<\/h3>\t\t\t\t<\/div>\n\t\t\t\t<\/div>\n\t\t\t\t<section data-particle_enable=\"false\" data-particle-mobile-disabled=\"false\" class=\"elementor-section elementor-inner-section elementor-element elementor-element-81d5145 elementor-section-boxed elementor-section-height-default elementor-section-height-default\" data-id=\"81d5145\" data-element_type=\"section\" data-e-type=\"section\">\n\t\t\t\t\t\t<div class=\"elementor-container elementor-column-gap-no\">\n\t\t\t\t\t<div class=\"elementor-column elementor-col-50 elementor-inner-column elementor-element elementor-element-c0eb805\" data-id=\"c0eb805\" data-element_type=\"column\" data-e-type=\"column\">\n\t\t\t<div class=\"elementor-widget-wrap elementor-element-populated\">\n\t\t\t\t\t\t<div class=\"elementor-element elementor-element-4836e61 elementor-widget elementor-widget-text-editor\" data-id=\"4836e61\" data-element_type=\"widget\" data-e-type=\"widget\" data-widget_type=\"text-editor.default\">\n\t\t\t\t<div class=\"elementor-widget-container\">\n\t\t\t\t\t\t\t\t\t<p>Apprendre l&rsquo;espagnol, ce n&rsquo;est pas seulement \u00e9tudier. S&rsquo;il est vrai que les cours sont le point de d\u00e9part quotidien pour apprendre et renforcer les principaux concepts de la langue, la le\u00e7on ne se termine pas lorsque vous fermez le livre et quittez la salle de classe, mais se poursuit au-del\u00e0 de ses quatre murs. C&rsquo;est pourquoi, chez Mester, nous mettons un soin particulier \u00e0 d\u00e9velopper un programme complet d&rsquo;activit\u00e9s socioculturelles qui compl\u00e8tent parfaitement<br>votre cours d&rsquo;espagnol.    <\/p><p>Gr\u00e2ce \u00e0 notre exp\u00e9rience et \u00e0 notre capacit\u00e9 d&rsquo;adaptation, nous avons con\u00e7u une offre dans laquelle l&rsquo;\u00e9quilibre entre culture, langue et divertissement est parfait. Vous visiterez les principaux monuments de Salamanque, vous apprendrez de nombreux aspects de l&rsquo;histoire, de la litt\u00e9rature ou de l&rsquo;art, mais vous d\u00e9couvrirez aussi et vivrez en premi\u00e8re personne notre culture \u00e0 travers la route des tapas, les cours de danse ou de cuisine m\u00e9diterran\u00e9enne, les visites de centres artisanaux et de mus\u00e9es locaux ou les d\u00eeners typiques. \u00c0 Mester, nous consid\u00e9rons qu&rsquo;il est essentiel d&rsquo;int\u00e9grer nos \u00e9tudiants dans la vie r\u00e9elle des Espagnols, dans leurs horaires, dans leur style de vie, afin qu&rsquo;ils se sentent, d\u00e8s le premier instant, une partie active de la vie de notre ville.    <\/p>\t\t\t\t\t\t\t\t<\/div>\n\t\t\t\t<\/div>\n\t\t\t\t<div class=\"elementor-element elementor-element-7191a3f elementor-widget elementor-widget-heading\" data-id=\"7191a3f\" data-element_type=\"widget\" data-e-type=\"widget\" data-widget_type=\"heading.default\">\n\t\t\t\t<div class=\"elementor-widget-container\">\n\t\t\t\t\t<h4 class=\"elementor-heading-title elementor-size-default\">Quelques-unes des principales caract\u00e9ristiques\nde notre programme socioculturel :<\/h4>\t\t\t\t<\/div>\n\t\t\t\t<\/div>\n\t\t\t\t\t<\/div>\n\t\t<\/div>\n\t\t\t\t<div class=\"elementor-column elementor-col-50 elementor-inner-column elementor-element elementor-element-c5af75f\" data-id=\"c5af75f\" data-element_type=\"column\" data-e-type=\"column\">\n\t\t\t<div class=\"elementor-widget-wrap elementor-element-populated\">\n\t\t\t\t\t\t<div class=\"elementor-element elementor-element-e0ac06a elementor-widget elementor-widget-image\" data-id=\"e0ac06a\" data-element_type=\"widget\" data-e-type=\"widget\" data-widget_type=\"image.default\">\n\t\t\t\t<div class=\"elementor-widget-container\">\n\t\t\t\t\t\t\t\t\t\t\t\t\t\t\t<img fetchpriority=\"high\" decoding=\"async\" width=\"729\" height=\"969\" src=\"https:\/\/mester.com\/wp-content\/uploads\/2025\/01\/Groups2.png\" class=\"attachment-full size-full wp-image-390\" alt=\"\" srcset=\"https:\/\/mester.com\/wp-content\/uploads\/2025\/01\/Groups2.png 729w, https:\/\/mester.com\/wp-content\/uploads\/2025\/01\/Groups2-600x798.png 600w, https:\/\/mester.com\/wp-content\/uploads\/2025\/01\/Groups2-226x300.png 226w\" sizes=\"(max-width: 729px) 100vw, 729px\" \/>\t\t\t\t\t\t\t\t\t\t\t\t\t\t\t<\/div>\n\t\t\t\t<\/div>\n\t\t\t\t\t<\/div>\n\t\t<\/div>\n\t\t\t\t\t<\/div>\n\t\t<\/section>\n\t\t\t\t<section data-particle_enable=\"false\" data-particle-mobile-disabled=\"false\" class=\"elementor-section elementor-inner-section elementor-element elementor-element-83793d4 elementor-section-boxed elementor-section-height-default elementor-section-height-default\" data-id=\"83793d4\" data-element_type=\"section\" data-e-type=\"section\">\n\t\t\t\t\t\t<div class=\"elementor-container elementor-column-gap-no\">\n\t\t\t\t\t<div class=\"elementor-column elementor-col-50 elementor-inner-column elementor-element elementor-element-456c704\" data-id=\"456c704\" data-element_type=\"column\" data-e-type=\"column\">\n\t\t\t<div class=\"elementor-widget-wrap elementor-element-populated\">\n\t\t\t\t\t\t<div class=\"elementor-element elementor-element-e5fd804 elementor-widget elementor-widget-text-editor\" data-id=\"e5fd804\" data-element_type=\"widget\" data-e-type=\"widget\" data-widget_type=\"text-editor.default\">\n\t\t\t\t<div class=\"elementor-widget-container\">\n\t\t\t\t\t\t\t\t\t<p>&#8211; Toutes les activit\u00e9s sont incluses dans le programme, y compris une tourn\u00e9e de tapas et une excursion (en fonction de la disponibilit\u00e9 de la semaine en question).<\/p><p>&#8211; Les activit\u00e9s sont facultatives, vous pouvez donc toujours choisir celles auxquelles vous voulez participer ou non.<\/p><p>&#8211; Tous les lundis, nous vous communiquerons l&rsquo;itin\u00e9raire socioculturel sp\u00e9cifique de chaque semaine.<\/p><p>&#8211; Toutes les activit\u00e9s sont dirig\u00e9es par nos guides, qui non seulement vous donneront tous les d\u00e9tails de la visite en question, mais seront \u00e9galement disponibles \u00e0 tout moment pour vous aider.<\/p>\t\t\t\t\t\t\t\t<\/div>\n\t\t\t\t<\/div>\n\t\t\t\t\t<\/div>\n\t\t<\/div>\n\t\t\t\t<div class=\"elementor-column elementor-col-50 elementor-inner-column elementor-element elementor-element-e745da8\" data-id=\"e745da8\" data-element_type=\"column\" data-e-type=\"column\">\n\t\t\t<div class=\"elementor-widget-wrap elementor-element-populated\">\n\t\t\t\t\t\t<div class=\"elementor-element elementor-element-98bedf3 elementor-widget elementor-widget-text-editor\" data-id=\"98bedf3\" data-element_type=\"widget\" data-e-type=\"widget\" data-widget_type=\"text-editor.default\">\n\t\t\t\t<div class=\"elementor-widget-container\">\n\t\t\t\t\t\t\t\t\t<p>&#8211; Nos coordinateurs d&rsquo;activit\u00e9s vous conseilleront \u00e0 tout moment sur le contenu sp\u00e9cifique de chaque activit\u00e9, en vous donnant tous les d\u00e9tails. Nous vous conseillerons \u00e9galement sur<br>toute autre activit\u00e9 disponible dans la ville, m\u00eame si elle n&rsquo;est pas incluse dans notre programme.   <\/p><p>&#8211; Bien que la plupart des activit\u00e9s soient disponibles toute l&rsquo;ann\u00e9e, d&rsquo;autres sont adapt\u00e9es aux diff\u00e9rentes saisons et conditions m\u00e9t\u00e9orologiques. Par exemple, en \u00e9t\u00e9, vous pouvez aller \u00e0 la piscine, faire de l&rsquo;\u00e9quitation, des randonn\u00e9es sur la plage ou faire du sport (sous r\u00e9serve de disponibilit\u00e9 chaque semaine).   <\/p><p>&#8211; Certaines activit\u00e9s facultatives sont payantes. Nous vous en informerons \u00e0 l&rsquo;adresse<br>afin que vous puissiez d\u00e9cider si vous souhaitez y participer ou non.   <\/p>\t\t\t\t\t\t\t\t<\/div>\n\t\t\t\t<\/div>\n\t\t\t\t\t<\/div>\n\t\t<\/div>\n\t\t\t\t\t<\/div>\n\t\t<\/section>\n\t\t\t\t<section data-particle_enable=\"false\" data-particle-mobile-disabled=\"false\" class=\"elementor-section elementor-inner-section elementor-element elementor-element-88c907e elementor-section-boxed elementor-section-height-default elementor-section-height-default\" data-id=\"88c907e\" data-element_type=\"section\" data-e-type=\"section\">\n\t\t\t\t\t\t<div class=\"elementor-container elementor-column-gap-no\">\n\t\t\t\t\t<div class=\"elementor-column elementor-col-50 elementor-inner-column elementor-element elementor-element-f2dff9c\" data-id=\"f2dff9c\" data-element_type=\"column\" data-e-type=\"column\">\n\t\t\t<div class=\"elementor-widget-wrap elementor-element-populated\">\n\t\t\t\t\t\t<div class=\"elementor-element elementor-element-b031ef9 elementor-widget elementor-widget-n-accordion\" data-id=\"b031ef9\" data-element_type=\"widget\" data-e-type=\"widget\" data-settings=\"{&quot;default_state&quot;:&quot;all_collapsed&quot;,&quot;max_items_expended&quot;:&quot;one&quot;,&quot;n_accordion_animation_duration&quot;:{&quot;unit&quot;:&quot;ms&quot;,&quot;size&quot;:400,&quot;sizes&quot;:[]}}\" data-widget_type=\"nested-accordion.default\">\n\t\t\t\t<div class=\"elementor-widget-container\">\n\t\t\t\t\t\t\t<div class=\"e-n-accordion\" aria-label=\"Accordion. Open links with Enter or Space, close with Escape, and navigate with Arrow Keys\">\n\t\t\t\t\t\t<details id=\"e-n-accordion-item-1840\" class=\"e-n-accordion-item\" >\n\t\t\t\t<summary class=\"e-n-accordion-item-title\" data-accordion-index=\"1\" tabindex=\"0\" aria-expanded=\"false\" aria-controls=\"e-n-accordion-item-1840\" >\n\t\t\t\t\t<span class='e-n-accordion-item-title-header'><div class=\"e-n-accordion-item-title-text\"> Visite guid\u00e9e <\/div><\/span>\n\t\t\t\t\t\t\t<span class='e-n-accordion-item-title-icon'>\n\t\t\t<span class='e-opened' ><i aria-hidden=\"true\" class=\"icon icon-up-arrow1\"><\/i><\/span>\n\t\t\t<span class='e-closed'><i aria-hidden=\"true\" class=\"icon icon-down-arrow1\"><\/i><\/span>\n\t\t<\/span>\n\n\t\t\t\t\t\t<\/summary>\n\t\t\t\t<div data-particle_enable=\"false\" data-particle-mobile-disabled=\"false\" role=\"region\" aria-labelledby=\"e-n-accordion-item-1840\" class=\"elementor-element elementor-element-b8b70df e-con-full e-flex e-con e-child\" data-id=\"b8b70df\" data-element_type=\"container\" data-e-type=\"container\">\n\t\t\t\t<div class=\"elementor-element elementor-element-5e4a52a elementor-widget elementor-widget-text-editor\" data-id=\"5e4a52a\" data-element_type=\"widget\" data-e-type=\"widget\" data-widget_type=\"text-editor.default\">\n\t\t\t\t<div class=\"elementor-widget-container\">\n\t\t\t\t\t\t\t\t\t<p><strong>Dur\u00e9e de la visite :<\/strong> 1 heure et demie<\/p><p><strong>Objectifs :<\/strong> une promenade au cours de laquelle vous apprendrez \u00e0 conna\u00eetre le centre historique de la ville, son histoire, ses rues et ses monuments, afin de pouvoir vous situer dans Salamanque.<\/p>\t\t\t\t\t\t\t\t<\/div>\n\t\t\t\t<\/div>\n\t\t\t\t<\/div>\n\t\t\t\t\t<\/details>\n\t\t\t\t\t\t<details id=\"e-n-accordion-item-1841\" class=\"e-n-accordion-item\" >\n\t\t\t\t<summary class=\"e-n-accordion-item-title\" data-accordion-index=\"2\" tabindex=\"-1\" aria-expanded=\"false\" aria-controls=\"e-n-accordion-item-1841\" >\n\t\t\t\t\t<span class='e-n-accordion-item-title-header'><div class=\"e-n-accordion-item-title-text\"> Visites monumentales <\/div><\/span>\n\t\t\t\t\t\t\t<span class='e-n-accordion-item-title-icon'>\n\t\t\t<span class='e-opened' ><i aria-hidden=\"true\" class=\"icon icon-up-arrow1\"><\/i><\/span>\n\t\t\t<span class='e-closed'><i aria-hidden=\"true\" class=\"icon icon-down-arrow1\"><\/i><\/span>\n\t\t<\/span>\n\n\t\t\t\t\t\t<\/summary>\n\t\t\t\t<div data-particle_enable=\"false\" data-particle-mobile-disabled=\"false\" role=\"region\" aria-labelledby=\"e-n-accordion-item-1841\" class=\"elementor-element elementor-element-fe81643 e-con-full e-flex e-con e-child\" data-id=\"fe81643\" data-element_type=\"container\" data-e-type=\"container\">\n\t\t\t\t<div class=\"elementor-element elementor-element-8db52b4 elementor-widget elementor-widget-text-editor\" data-id=\"8db52b4\" data-element_type=\"widget\" data-e-type=\"widget\" data-widget_type=\"text-editor.default\">\n\t\t\t\t<div class=\"elementor-widget-container\">\n\t\t\t\t\t\t\t\t\t<p><strong>Dur\u00e9e de la visite<\/strong>: 1 heure et demie<\/p><p><strong>Objectifs<\/strong>: acqu\u00e9rir une connaissance approfondie d&rsquo;un b\u00e2timent historique, de son origine, de sa signification et de sa valeur.<\/p>\t\t\t\t\t\t\t\t<\/div>\n\t\t\t\t<\/div>\n\t\t\t\t<\/div>\n\t\t\t\t\t<\/details>\n\t\t\t\t\t\t<details id=\"e-n-accordion-item-1842\" class=\"e-n-accordion-item\" >\n\t\t\t\t<summary class=\"e-n-accordion-item-title\" data-accordion-index=\"3\" tabindex=\"-1\" aria-expanded=\"false\" aria-controls=\"e-n-accordion-item-1842\" >\n\t\t\t\t\t<span class='e-n-accordion-item-title-header'><div class=\"e-n-accordion-item-title-text\"> La route des tapas <\/div><\/span>\n\t\t\t\t\t\t\t<span class='e-n-accordion-item-title-icon'>\n\t\t\t<span class='e-opened' ><i aria-hidden=\"true\" class=\"icon icon-up-arrow1\"><\/i><\/span>\n\t\t\t<span class='e-closed'><i aria-hidden=\"true\" class=\"icon icon-down-arrow1\"><\/i><\/span>\n\t\t<\/span>\n\n\t\t\t\t\t\t<\/summary>\n\t\t\t\t<div data-particle_enable=\"false\" data-particle-mobile-disabled=\"false\" role=\"region\" aria-labelledby=\"e-n-accordion-item-1842\" class=\"elementor-element elementor-element-ff2a801 e-con-full e-flex e-con e-child\" data-id=\"ff2a801\" data-element_type=\"container\" data-e-type=\"container\">\n\t\t\t\t<div class=\"elementor-element elementor-element-df289f5 elementor-widget elementor-widget-text-editor\" data-id=\"df289f5\" data-element_type=\"widget\" data-e-type=\"widget\" data-widget_type=\"text-editor.default\">\n\t\t\t\t<div class=\"elementor-widget-container\">\n\t\t\t\t\t\t\t\t\t<p><b>Dur\u00e9e<\/b>: 2 heures<\/p><p><b>Objectifs<\/b>: connaissance et exp\u00e9rience de l&rsquo;une des coutumes espagnoles les plus enracin\u00e9es, ainsi que d\u00e9gustation des tapas les plus populaires. Les \u00e9tudiants interagiront avec leurs camarades de classe en visitant 3 ou 4 bars o\u00f9 ils d\u00e9gusteront une tapa (jambon, tortilla de patatas, croquettes, etc.) et une boisson (les mineurs ne sont pas autoris\u00e9s \u00e0 consommer de l&rsquo;alcool).   <\/p>\t\t\t\t\t\t\t\t<\/div>\n\t\t\t\t<\/div>\n\t\t\t\t<\/div>\n\t\t\t\t\t<\/details>\n\t\t\t\t\t\t<details id=\"e-n-accordion-item-1843\" class=\"e-n-accordion-item\" >\n\t\t\t\t<summary class=\"e-n-accordion-item-title\" data-accordion-index=\"4\" tabindex=\"-1\" aria-expanded=\"false\" aria-controls=\"e-n-accordion-item-1843\" >\n\t\t\t\t\t<span class='e-n-accordion-item-title-header'><div class=\"e-n-accordion-item-title-text\"> Cours de danse <\/div><\/span>\n\t\t\t\t\t\t\t<span class='e-n-accordion-item-title-icon'>\n\t\t\t<span class='e-opened' ><i aria-hidden=\"true\" class=\"icon icon-up-arrow1\"><\/i><\/span>\n\t\t\t<span class='e-closed'><i aria-hidden=\"true\" class=\"icon icon-down-arrow1\"><\/i><\/span>\n\t\t<\/span>\n\n\t\t\t\t\t\t<\/summary>\n\t\t\t\t<div data-particle_enable=\"false\" data-particle-mobile-disabled=\"false\" role=\"region\" aria-labelledby=\"e-n-accordion-item-1843\" class=\"elementor-element elementor-element-72798aa e-con-full e-flex e-con e-child\" data-id=\"72798aa\" data-element_type=\"container\" data-e-type=\"container\">\n\t\t\t\t<div class=\"elementor-element elementor-element-8106285 elementor-widget elementor-widget-text-editor\" data-id=\"8106285\" data-element_type=\"widget\" data-e-type=\"widget\" data-widget_type=\"text-editor.default\">\n\t\t\t\t<div class=\"elementor-widget-container\">\n\t\t\t\t\t\t\t\t\t<p><strong>Dur\u00e9e de la visite<\/strong>: 1 heure<\/p><p><strong>Objectifs<\/strong>: connaissance et pratique des deux danses les plus populaires de la culture hispanique au niveau international (salsa et sevillanas) dans une salle pr\u00e9par\u00e9e.<\/p>\t\t\t\t\t\t\t\t<\/div>\n\t\t\t\t<\/div>\n\t\t\t\t<\/div>\n\t\t\t\t\t<\/details>\n\t\t\t\t\t<\/div>\n\t\t\t\t\t\t<\/div>\n\t\t\t\t<\/div>\n\t\t\t\t\t<\/div>\n\t\t<\/div>\n\t\t\t\t<div class=\"elementor-column elementor-col-50 elementor-inner-column elementor-element elementor-element-dd34a85\" data-id=\"dd34a85\" data-element_type=\"column\" data-e-type=\"column\">\n\t\t\t<div class=\"elementor-widget-wrap elementor-element-populated\">\n\t\t\t\t\t\t<div class=\"elementor-element elementor-element-9e9ea98 elementor-widget elementor-widget-n-accordion\" data-id=\"9e9ea98\" data-element_type=\"widget\" data-e-type=\"widget\" data-settings=\"{&quot;default_state&quot;:&quot;all_collapsed&quot;,&quot;max_items_expended&quot;:&quot;one&quot;,&quot;n_accordion_animation_duration&quot;:{&quot;unit&quot;:&quot;ms&quot;,&quot;size&quot;:400,&quot;sizes&quot;:[]}}\" data-widget_type=\"nested-accordion.default\">\n\t\t\t\t<div class=\"elementor-widget-container\">\n\t\t\t\t\t\t\t<div class=\"e-n-accordion\" aria-label=\"Accordion. Open links with Enter or Space, close with Escape, and navigate with Arrow Keys\">\n\t\t\t\t\t\t<details id=\"e-n-accordion-item-1660\" class=\"e-n-accordion-item\" >\n\t\t\t\t<summary class=\"e-n-accordion-item-title\" data-accordion-index=\"1\" tabindex=\"0\" aria-expanded=\"false\" aria-controls=\"e-n-accordion-item-1660\" >\n\t\t\t\t\t<span class='e-n-accordion-item-title-header'><div class=\"e-n-accordion-item-title-text\"> Cours de cuisine m\u00e9diterran\u00e9enne <\/div><\/span>\n\t\t\t\t\t\t\t<span class='e-n-accordion-item-title-icon'>\n\t\t\t<span class='e-opened' ><i aria-hidden=\"true\" class=\"icon icon-up-arrow1\"><\/i><\/span>\n\t\t\t<span class='e-closed'><i aria-hidden=\"true\" class=\"icon icon-down-arrow1\"><\/i><\/span>\n\t\t<\/span>\n\n\t\t\t\t\t\t<\/summary>\n\t\t\t\t<div data-particle_enable=\"false\" data-particle-mobile-disabled=\"false\" role=\"region\" aria-labelledby=\"e-n-accordion-item-1660\" class=\"elementor-element elementor-element-e9654b5 e-con-full e-flex e-con e-child\" data-id=\"e9654b5\" data-element_type=\"container\" data-e-type=\"container\">\n\t\t\t\t<div class=\"elementor-element elementor-element-cfb5597 elementor-widget elementor-widget-text-editor\" data-id=\"cfb5597\" data-element_type=\"widget\" data-e-type=\"widget\" data-widget_type=\"text-editor.default\">\n\t\t\t\t<div class=\"elementor-widget-container\">\n\t\t\t\t\t\t\t\t\t<p><strong>Dur\u00e9e de la visite :<\/strong> 1 heure<br><strong>Objectifs :<\/strong> apprendre le processus d&rsquo;\u00e9laboration de certains plats essentiels de la cuisine espagnole, tels que la tortilla de patata, la paella ou les torrijas. Et, bien s\u00fbr, savourer le r\u00e9sultat final.   <\/p>\t\t\t\t\t\t\t\t<\/div>\n\t\t\t\t<\/div>\n\t\t\t\t<\/div>\n\t\t\t\t\t<\/details>\n\t\t\t\t\t\t<details id=\"e-n-accordion-item-1661\" class=\"e-n-accordion-item\" >\n\t\t\t\t<summary class=\"e-n-accordion-item-title\" data-accordion-index=\"2\" tabindex=\"-1\" aria-expanded=\"false\" aria-controls=\"e-n-accordion-item-1661\" >\n\t\t\t\t\t<span class='e-n-accordion-item-title-header'><div class=\"e-n-accordion-item-title-text\"> Excursions <\/div><\/span>\n\t\t\t\t\t\t\t<span class='e-n-accordion-item-title-icon'>\n\t\t\t<span class='e-opened' ><i aria-hidden=\"true\" class=\"icon icon-up-arrow1\"><\/i><\/span>\n\t\t\t<span class='e-closed'><i aria-hidden=\"true\" class=\"icon icon-down-arrow1\"><\/i><\/span>\n\t\t<\/span>\n\n\t\t\t\t\t\t<\/summary>\n\t\t\t\t<div data-particle_enable=\"false\" data-particle-mobile-disabled=\"false\" role=\"region\" aria-labelledby=\"e-n-accordion-item-1661\" class=\"elementor-element elementor-element-5feddef e-con-full e-flex e-con e-child\" data-id=\"5feddef\" data-element_type=\"container\" data-e-type=\"container\">\n\t\t\t\t<div class=\"elementor-element elementor-element-793d05d elementor-widget elementor-widget-text-editor\" data-id=\"793d05d\" data-element_type=\"widget\" data-e-type=\"widget\" data-widget_type=\"text-editor.default\">\n\t\t\t\t<div class=\"elementor-widget-container\">\n\t\t\t\t\t\t\t\t\t<p><strong>Dur\u00e9e : 12 heures (journ\u00e9e compl\u00e8te) \/ 5 heures (demi-journ\u00e9e) :<\/strong> 12 heures (journ\u00e9e compl\u00e8te) \/ 5 heures (demi-journ\u00e9e)<br><strong>Objectifs :<\/strong> conna\u00eetre de premi\u00e8re main la richesse monumentale, historique et culturelle d&rsquo;autres villes espagnoles proches de Salamanque.<br><strong>Excursions d&rsquo;une journ\u00e9e compl\u00e8te :<\/strong> Madrid, S\u00e9govie et Avila, Astorga et Leon, Zamora et Valladolid, Caceres, Tol\u00e8de.<br><strong>Excursions d&rsquo;une demi-journ\u00e9e :<\/strong> Avila, Sierra de Francia, Valladolid, Zamora.<\/p>\t\t\t\t\t\t\t\t<\/div>\n\t\t\t\t<\/div>\n\t\t\t\t<\/div>\n\t\t\t\t\t<\/details>\n\t\t\t\t\t\t<details id=\"e-n-accordion-item-1662\" class=\"e-n-accordion-item\" >\n\t\t\t\t<summary class=\"e-n-accordion-item-title\" data-accordion-index=\"3\" tabindex=\"-1\" aria-expanded=\"false\" aria-controls=\"e-n-accordion-item-1662\" >\n\t\t\t\t\t<span class='e-n-accordion-item-title-header'><div class=\"e-n-accordion-item-title-text\"> Autres activit\u00e9s \u00e0 Mester <\/div><\/span>\n\t\t\t\t\t\t\t<span class='e-n-accordion-item-title-icon'>\n\t\t\t<span class='e-opened' ><i aria-hidden=\"true\" class=\"icon icon-up-arrow1\"><\/i><\/span>\n\t\t\t<span class='e-closed'><i aria-hidden=\"true\" class=\"icon icon-down-arrow1\"><\/i><\/span>\n\t\t<\/span>\n\n\t\t\t\t\t\t<\/summary>\n\t\t\t\t<div data-particle_enable=\"false\" data-particle-mobile-disabled=\"false\" role=\"region\" aria-labelledby=\"e-n-accordion-item-1662\" class=\"elementor-element elementor-element-704be8a e-con-full e-flex e-con e-child\" data-id=\"704be8a\" data-element_type=\"container\" data-e-type=\"container\">\n\t\t\t\t<div class=\"elementor-element elementor-element-349e487 elementor-widget elementor-widget-text-editor\" data-id=\"349e487\" data-element_type=\"widget\" data-e-type=\"widget\" data-widget_type=\"text-editor.default\">\n\t\t\t\t<div class=\"elementor-widget-container\">\n\t\t\t\t\t\t\t\t\t<ul><li><strong>Conf\u00e9rences : <\/strong>sur l&rsquo;histoire, l&rsquo;art ou la litt\u00e9rature<\/li><li><strong>Projection de films espagnols<\/strong><\/li><li><strong>Route litt\u00e9raire \u00e0 travers Salamanque<\/strong><br><strong>Randonn\u00e9e \u00e0 <\/strong> v\u00e9lo (petits groupes)<\/li><li><strong>Visite du Barrio del Oeste<\/strong><\/li><li><strong>D\u00eener typique<\/strong><\/li><li><strong>Visite d&rsquo;une fabrique de guitares<\/strong><\/li><\/ul>\t\t\t\t\t\t\t\t<\/div>\n\t\t\t\t<\/div>\n\t\t\t\t<\/div>\n\t\t\t\t\t<\/details>\n\t\t\t\t\t<\/div>\n\t\t\t\t\t\t<\/div>\n\t\t\t\t<\/div>\n\t\t\t\t\t<\/div>\n\t\t<\/div>\n\t\t\t\t\t<\/div>\n\t\t<\/section>\n\t\t\t\t\t<\/div>\n\t\t<\/div>\n\t\t\t\t\t<\/div>\n\t\t<\/section>\n\t\t\t\t<\/div>\n\t\t","protected":false},"excerpt":{"rendered":"<p>Activit\u00e9s Le compl\u00e9ment id\u00e9al pour votre apprentissage Apprendre l&rsquo;espagnol, ce n&rsquo;est pas seulement \u00e9tudier. S&rsquo;il est vrai que les cours sont le point de d\u00e9part quotidien pour apprendre et renforcer les principaux concepts de la langue, la le\u00e7on ne se termine pas lorsque vous fermez le livre et quittez la salle de classe, mais se [&hellip;]<\/p>\n","protected":false},"author":1,"featured_media":0,"parent":0,"menu_order":0,"comment_status":"closed","ping_status":"closed","template":"elementor_header_footer","meta":{"_acf_changed":false,"footnotes":""},"class_list":["post-1639","page","type-page","status-publish","hentry"],"acf":[],"_links":{"self":[{"href":"https:\/\/mester.com\/fr\/wp-json\/wp\/v2\/pages\/1639","targetHints":{"allow":["GET"]}}],"collection":[{"href":"https:\/\/mester.com\/fr\/wp-json\/wp\/v2\/pages"}],"about":[{"href":"https:\/\/mester.com\/fr\/wp-json\/wp\/v2\/types\/page"}],"author":[{"embeddable":true,"href":"https:\/\/mester.com\/fr\/wp-json\/wp\/v2\/users\/1"}],"replies":[{"embeddable":true,"href":"https:\/\/mester.com\/fr\/wp-json\/wp\/v2\/comments?post=1639"}],"version-history":[{"count":1,"href":"https:\/\/mester.com\/fr\/wp-json\/wp\/v2\/pages\/1639\/revisions"}],"predecessor-version":[{"id":1640,"href":"https:\/\/mester.com\/fr\/wp-json\/wp\/v2\/pages\/1639\/revisions\/1640"}],"wp:attachment":[{"href":"https:\/\/mester.com\/fr\/wp-json\/wp\/v2\/media?parent=1639"}],"curies":[{"name":"wp","href":"https:\/\/api.w.org\/{rel}","templated":true}]}}